{"id":24,"date":"2025-11-19T06:09:01","date_gmt":"2025-11-19T06:09:01","guid":{"rendered":"https:\/\/roskaprinsessa.fi\/?page_id=24"},"modified":"2026-01-14T06:42:18","modified_gmt":"2026-01-14T06:42:18","slug":"etusivu","status":"publish","type":"page","link":"https:\/\/roskaprinsessa.fi\/","title":{"rendered":"Etusivu"},"content":{"rendered":"\t\t<div data-elementor-type=\"wp-page\" data-elementor-id=\"24\" class=\"elementor elementor-24\">\n\t\t\t\t<div class=\"elementor-element elementor-element-71c5566 e-con-full e-flex e-con e-parent\" data-id=\"71c5566\" data-element_type=\"container\">\n\t\t<div class=\"elementor-element elementor-element-46c113f e-con-full e-flex e-con e-child\" data-id=\"46c113f\" data-element_type=\"container\">\n\t\t\t\t<div class=\"elementor-element elementor-element-8be796b elementor-widget elementor-widget-image\" data-id=\"8be796b\" data-element_type=\"widget\" data-widget_type=\"image.default\">\n\t\t\t\t\t\t\t\t\t\t\t\t\t\t\t<img fetchpriority=\"high\" decoding=\"async\" width=\"800\" height=\"781\" src=\"https:\/\/roskaprinsessa.fi\/wp-content\/uploads\/2025\/11\/9-1024x1000.png\" class=\"attachment-large size-large wp-image-36\" alt=\"kuva_kuusenoksa\" srcset=\"https:\/\/roskaprinsessa.fi\/wp-content\/uploads\/2025\/11\/9-1024x1000.png 1024w, https:\/\/roskaprinsessa.fi\/wp-content\/uploads\/2025\/11\/9-300x293.png 300w, https:\/\/roskaprinsessa.fi\/wp-content\/uploads\/2025\/11\/9-768x750.png 768w, https:\/\/roskaprinsessa.fi\/wp-content\/uploads\/2025\/11\/9-1536x1500.png 1536w, https:\/\/roskaprinsessa.fi\/wp-content\/uploads\/2025\/11\/9.png 2000w\" sizes=\"(max-width: 800px) 100vw, 800px\" \/>\t\t\t\t\t\t\t\t\t\t\t\t\t\t\t<\/div>\n\t\t\t\t<\/div>\n\t\t<div class=\"elementor-element elementor-element-8fcb4f7 e-con-full e-flex e-con e-child\" data-id=\"8fcb4f7\" data-element_type=\"container\">\n\t\t\t\t<div class=\"elementor-element elementor-element-4e76156 elementor-widget elementor-widget-image\" data-id=\"4e76156\" data-element_type=\"widget\" data-widget_type=\"image.default\">\n\t\t\t\t\t\t\t\t\t\t\t\t\t\t\t<img decoding=\"async\" width=\"800\" height=\"711\" src=\"https:\/\/roskaprinsessa.fi\/wp-content\/uploads\/2025\/11\/logo2-1-1024x910.png\" class=\"attachment-large size-large wp-image-37\" alt=\"\" srcset=\"https:\/\/roskaprinsessa.fi\/wp-content\/uploads\/2025\/11\/logo2-1-1024x910.png 1024w, https:\/\/roskaprinsessa.fi\/wp-content\/uploads\/2025\/11\/logo2-1-300x267.png 300w, https:\/\/roskaprinsessa.fi\/wp-content\/uploads\/2025\/11\/logo2-1-768x683.png 768w, https:\/\/roskaprinsessa.fi\/wp-content\/uploads\/2025\/11\/logo2-1-1536x1365.png 1536w, https:\/\/roskaprinsessa.fi\/wp-content\/uploads\/2025\/11\/logo2-1-2048x1820.png 2048w\" sizes=\"(max-width: 800px) 100vw, 800px\" \/>\t\t\t\t\t\t\t\t\t\t\t\t\t\t\t<\/div>\n\t\t\t\t<\/div>\n\t\t\t\t<\/div>\n\t\t<div class=\"elementor-element elementor-element-7ecb629 e-flex e-con-boxed e-con e-parent\" data-id=\"7ecb629\" data-element_type=\"container\">\n\t\t\t\t\t<div class=\"e-con-inner\">\n\t\t\t\t<div class=\"elementor-element elementor-element-aeb917e animated-slow elementor-invisible elementor-widget elementor-widget-image\" data-id=\"aeb917e\" data-element_type=\"widget\" data-settings=\"{&quot;_animation&quot;:&quot;fadeInDown&quot;}\" data-widget_type=\"image.default\">\n\t\t\t\t\t\t\t\t\t\t\t\t\t\t\t<img decoding=\"async\" width=\"800\" height=\"300\" src=\"https:\/\/roskaprinsessa.fi\/wp-content\/uploads\/2025\/11\/logo1-1024x384.png\" class=\"attachment-large size-large wp-image-51\" alt=\"\" srcset=\"https:\/\/roskaprinsessa.fi\/wp-content\/uploads\/2025\/11\/logo1-1024x384.png 1024w, https:\/\/roskaprinsessa.fi\/wp-content\/uploads\/2025\/11\/logo1-300x112.png 300w, https:\/\/roskaprinsessa.fi\/wp-content\/uploads\/2025\/11\/logo1-768x288.png 768w, https:\/\/roskaprinsessa.fi\/wp-content\/uploads\/2025\/11\/logo1-1536x576.png 1536w, https:\/\/roskaprinsessa.fi\/wp-content\/uploads\/2025\/11\/logo1.png 1865w\" sizes=\"(max-width: 800px) 100vw, 800px\" \/>\t\t\t\t\t\t\t\t\t\t\t\t\t\t\t<\/div>\n\t\t\t\t\t<\/div>\n\t\t\t\t<\/div>\n\t\t<div class=\"elementor-element elementor-element-33b86b8 e-flex e-con-boxed e-con e-parent\" data-id=\"33b86b8\" data-element_type=\"container\" data-settings=\"{&quot;background_background&quot;:&quot;classic&quot;}\">\n\t\t\t\t\t<div class=\"e-con-inner\">\n\t\t\t\t<div class=\"elementor-element elementor-element-1d4e7d0 elementor-widget elementor-widget-heading\" data-id=\"1d4e7d0\" data-element_type=\"widget\" data-widget_type=\"heading.default\">\n\t\t\t\t\t<h2 class=\"elementor-heading-title elementor-size-default\">Olet tullut oikeaan paikkaan!<\/h2>\t\t\t\t<\/div>\n\t\t\t\t<div class=\"elementor-element elementor-element-b67f0e2 elementor-widget elementor-widget-spacer\" data-id=\"b67f0e2\" data-element_type=\"widget\" data-widget_type=\"spacer.default\">\n\t\t\t\t\t\t\t<div class=\"elementor-spacer\">\n\t\t\t<div class=\"elementor-spacer-inner\"><\/div>\n\t\t<\/div>\n\t\t\t\t\t\t<\/div>\n\t\t\t\t<div class=\"elementor-element elementor-element-124d2cb elementor-widget elementor-widget-text-editor\" data-id=\"124d2cb\" data-element_type=\"widget\" data-widget_type=\"text-editor.default\">\n\t\t\t\t\t\t\t\t\t<p><strong>Olen Roskaprinsessa. Luonnonyst\u00e4v\u00e4, roskatalkooj\u00e4rjest\u00e4j\u00e4 ja vieraslajiaktiivi.<\/strong> <br \/><br \/>Julkaisen kanavillani sis\u00e4lt\u00f6\u00e4 roskatalkoista, vieraslajitalkoista ja retkilt\u00e4. Ihanaa ja kamalaa, mutta aina autenttista ja rehellist\u00e4 sis\u00e4lt\u00f6\u00e4 \u2013 todellisuutta ei kaunistella. On aina yll\u00e4tys, mit\u00e4 talkoot ja retket tuovat tullessaan, joten varaudu kaikkeen. Maastossa voi tulla vastaan mit\u00e4 vain.<\/p>\t\t\t\t\t\t\t\t<\/div>\n\t\t\t\t<div class=\"elementor-element elementor-element-8a4260a elementor-widget elementor-widget-text-editor\" data-id=\"8a4260a\" data-element_type=\"widget\" data-widget_type=\"text-editor.default\">\n\t\t\t\t\t\t\t\t\t<p>Ota Roskaprinsessan kanavat seurantaan ja tule mukaani roskatalkoilemaan, vieraslajitalkoilemaan ja retkeilem\u00e4\u00e4n!<\/p>\t\t\t\t\t\t\t\t<\/div>\n\t\t\t\t\t<\/div>\n\t\t\t\t<\/div>\n\t\t<div class=\"elementor-element elementor-element-66bfda0 e-con-full e-flex e-con e-parent\" data-id=\"66bfda0\" data-element_type=\"container\" data-settings=\"{&quot;background_background&quot;:&quot;classic&quot;}\">\n\t\t<div class=\"elementor-element elementor-element-ed36d85 e-flex e-con-boxed e-con e-child\" data-id=\"ed36d85\" data-element_type=\"container\">\n\t\t\t\t\t<div class=\"e-con-inner\">\n\t\t\t\t<div class=\"elementor-element elementor-element-04a63ea elementor-widget elementor-widget-heading\" data-id=\"04a63ea\" data-element_type=\"widget\" data-widget_type=\"heading.default\">\n\t\t\t\t\t<h2 class=\"elementor-heading-title elementor-size-default\">Klikkaa itsesi mukaan Roskaprinsessan seikkailuihin:<\/h2>\t\t\t\t<\/div>\n\t\t<div class=\"elementor-element elementor-element-5f036cc e-con-full e-flex e-con e-child\" data-id=\"5f036cc\" data-element_type=\"container\">\n\t\t\t\t<div class=\"elementor-element elementor-element-d0e1b29 elementor-widget elementor-widget-image\" data-id=\"d0e1b29\" data-element_type=\"widget\" data-widget_type=\"image.default\">\n\t\t\t\t\t\t\t\t\t\t\t\t\t\t\t\t<a href=\"https:\/\/www.youtube.com\/@Roskaprinsessa\" target=\"_blank\">\n\t\t\t\t\t\t\t<img loading=\"lazy\" decoding=\"async\" width=\"500\" height=\"500\" src=\"https:\/\/roskaprinsessa.fi\/wp-content\/uploads\/2025\/11\/1.png\" class=\"attachment-large size-large wp-image-134\" alt=\"\" srcset=\"https:\/\/roskaprinsessa.fi\/wp-content\/uploads\/2025\/11\/1.png 500w, https:\/\/roskaprinsessa.fi\/wp-content\/uploads\/2025\/11\/1-300x300.png 300w, https:\/\/roskaprinsessa.fi\/wp-content\/uploads\/2025\/11\/1-150x150.png 150w\" sizes=\"(max-width: 500px) 100vw, 500px\" \/>\t\t\t\t\t\t\t\t<\/a>\n\t\t\t\t\t\t\t\t\t\t\t\t\t\t\t<\/div>\n\t\t\t\t<div class=\"elementor-element elementor-element-c906dd4 elementor-widget elementor-widget-button\" data-id=\"c906dd4\" data-element_type=\"widget\" data-widget_type=\"button.default\">\n\t\t\t\t\t\t\t\t\t\t<a class=\"elementor-button elementor-button-link elementor-size-sm elementor-animation-grow\" href=\"https:\/\/www.youtube.com\/@Roskaprinsessa\" target=\"_blank\">\n\t\t\t\t\t\t<span class=\"elementor-button-content-wrapper\">\n\t\t\t\t\t\t\t\t\t<span class=\"elementor-button-text\">Youtube<\/span>\n\t\t\t\t\t<\/span>\n\t\t\t\t\t<\/a>\n\t\t\t\t\t\t\t\t<\/div>\n\t\t\t\t<\/div>\n\t\t<div class=\"elementor-element elementor-element-5bcb363 e-con-full e-flex e-con e-child\" data-id=\"5bcb363\" data-element_type=\"container\">\n\t\t\t\t<div class=\"elementor-element elementor-element-0e889fb elementor-widget elementor-widget-image\" data-id=\"0e889fb\" data-element_type=\"widget\" data-widget_type=\"image.default\">\n\t\t\t\t\t\t\t\t\t\t\t\t\t\t\t\t<a href=\"https:\/\/www.instagram.com\/roska_prinsessa\/\" target=\"_blank\">\n\t\t\t\t\t\t\t<img loading=\"lazy\" decoding=\"async\" width=\"500\" height=\"500\" src=\"https:\/\/roskaprinsessa.fi\/wp-content\/uploads\/2025\/11\/2.png\" class=\"attachment-large size-large wp-image-135\" alt=\"\" srcset=\"https:\/\/roskaprinsessa.fi\/wp-content\/uploads\/2025\/11\/2.png 500w, https:\/\/roskaprinsessa.fi\/wp-content\/uploads\/2025\/11\/2-300x300.png 300w, https:\/\/roskaprinsessa.fi\/wp-content\/uploads\/2025\/11\/2-150x150.png 150w\" sizes=\"(max-width: 500px) 100vw, 500px\" \/>\t\t\t\t\t\t\t\t<\/a>\n\t\t\t\t\t\t\t\t\t\t\t\t\t\t\t<\/div>\n\t\t\t\t<div class=\"elementor-element elementor-element-7d6d5c5 elementor-widget elementor-widget-button\" data-id=\"7d6d5c5\" data-element_type=\"widget\" data-widget_type=\"button.default\">\n\t\t\t\t\t\t\t\t\t\t<a class=\"elementor-button elementor-button-link elementor-size-sm elementor-animation-grow\" href=\"https:\/\/www.instagram.com\/roska_prinsessa\/\" target=\"_blank\">\n\t\t\t\t\t\t<span class=\"elementor-button-content-wrapper\">\n\t\t\t\t\t\t\t\t\t<span class=\"elementor-button-text\">Instagram<\/span>\n\t\t\t\t\t<\/span>\n\t\t\t\t\t<\/a>\n\t\t\t\t\t\t\t\t<\/div>\n\t\t\t\t<\/div>\n\t\t<div class=\"elementor-element elementor-element-2c134f0 e-con-full e-flex e-con e-child\" data-id=\"2c134f0\" data-element_type=\"container\">\n\t\t\t\t<div class=\"elementor-element elementor-element-e83c1e3 elementor-widget elementor-widget-image\" data-id=\"e83c1e3\" data-element_type=\"widget\" data-widget_type=\"image.default\">\n\t\t\t\t\t\t\t\t\t\t\t\t\t\t\t\t<a href=\"https:\/\/www.tiktok.com\/@roska.prinsessa\" target=\"_blank\">\n\t\t\t\t\t\t\t<img loading=\"lazy\" decoding=\"async\" width=\"500\" height=\"500\" src=\"https:\/\/roskaprinsessa.fi\/wp-content\/uploads\/2025\/11\/4.png\" class=\"attachment-large size-large wp-image-137\" alt=\"\" srcset=\"https:\/\/roskaprinsessa.fi\/wp-content\/uploads\/2025\/11\/4.png 500w, https:\/\/roskaprinsessa.fi\/wp-content\/uploads\/2025\/11\/4-300x300.png 300w, https:\/\/roskaprinsessa.fi\/wp-content\/uploads\/2025\/11\/4-150x150.png 150w\" sizes=\"(max-width: 500px) 100vw, 500px\" \/>\t\t\t\t\t\t\t\t<\/a>\n\t\t\t\t\t\t\t\t\t\t\t\t\t\t\t<\/div>\n\t\t\t\t<div class=\"elementor-element elementor-element-903a5ca elementor-widget elementor-widget-button\" data-id=\"903a5ca\" data-element_type=\"widget\" data-widget_type=\"button.default\">\n\t\t\t\t\t\t\t\t\t\t<a class=\"elementor-button elementor-button-link elementor-size-sm elementor-animation-grow\" href=\"https:\/\/www.tiktok.com\/@roska.prinsessa\" target=\"_blank\">\n\t\t\t\t\t\t<span class=\"elementor-button-content-wrapper\">\n\t\t\t\t\t\t\t\t\t<span class=\"elementor-button-text\">TikTok<\/span>\n\t\t\t\t\t<\/span>\n\t\t\t\t\t<\/a>\n\t\t\t\t\t\t\t\t<\/div>\n\t\t\t\t<\/div>\n\t\t<div class=\"elementor-element elementor-element-b3de034 e-con-full e-flex e-con e-child\" data-id=\"b3de034\" data-element_type=\"container\">\n\t\t\t\t<div class=\"elementor-element elementor-element-3eb7127 elementor-widget elementor-widget-image\" data-id=\"3eb7127\" data-element_type=\"widget\" data-widget_type=\"image.default\">\n\t\t\t\t\t\t\t\t\t\t\t\t\t\t\t\t<a href=\"https:\/\/www.facebook.com\/people\/Roskaprinsessa\/61573084662820\/\" target=\"_blank\">\n\t\t\t\t\t\t\t<img loading=\"lazy\" decoding=\"async\" width=\"500\" height=\"500\" src=\"https:\/\/roskaprinsessa.fi\/wp-content\/uploads\/2025\/11\/3.png\" class=\"attachment-large size-large wp-image-136\" alt=\"\" srcset=\"https:\/\/roskaprinsessa.fi\/wp-content\/uploads\/2025\/11\/3.png 500w, https:\/\/roskaprinsessa.fi\/wp-content\/uploads\/2025\/11\/3-300x300.png 300w, https:\/\/roskaprinsessa.fi\/wp-content\/uploads\/2025\/11\/3-150x150.png 150w\" sizes=\"(max-width: 500px) 100vw, 500px\" \/>\t\t\t\t\t\t\t\t<\/a>\n\t\t\t\t\t\t\t\t\t\t\t\t\t\t\t<\/div>\n\t\t\t\t<div class=\"elementor-element elementor-element-e4ae06d elementor-widget elementor-widget-button\" data-id=\"e4ae06d\" data-element_type=\"widget\" data-widget_type=\"button.default\">\n\t\t\t\t\t\t\t\t\t\t<a class=\"elementor-button elementor-button-link elementor-size-sm elementor-animation-grow\" href=\"https:\/\/www.facebook.com\/people\/Roskaprinsessa\/61573084662820\/\" target=\"_blank\">\n\t\t\t\t\t\t<span class=\"elementor-button-content-wrapper\">\n\t\t\t\t\t\t\t\t\t<span class=\"elementor-button-text\">Facebook<\/span>\n\t\t\t\t\t<\/span>\n\t\t\t\t\t<\/a>\n\t\t\t\t\t\t\t\t<\/div>\n\t\t\t\t<\/div>\n\t\t\t\t\t<\/div>\n\t\t\t\t<\/div>\n\t\t\t\t<\/div>\n\t\t<div class=\"elementor-element elementor-element-d25e2fc e-flex e-con-boxed e-con e-parent\" data-id=\"d25e2fc\" data-element_type=\"container\">\n\t\t\t\t\t<div class=\"e-con-inner\">\n\t\t<div class=\"elementor-element elementor-element-78d45a6 e-con-full e-flex e-con e-child\" data-id=\"78d45a6\" data-element_type=\"container\" data-settings=\"{&quot;background_background&quot;:&quot;classic&quot;}\">\n\t\t\t\t<div class=\"elementor-element elementor-element-1f20a5f elementor-widget elementor-widget-text-editor\" data-id=\"1f20a5f\" data-element_type=\"widget\" data-widget_type=\"text-editor.default\">\n\t\t\t\t\t\t\t\t\t<p><b>Yhteydenotot ja yhteisty\u00f6pyynn\u00f6t:<\/b><\/p>\t\t\t\t\t\t\t\t<\/div>\n\t\t\t\t<div class=\"elementor-element elementor-element-799974f elementor-widget elementor-widget-text-editor\" data-id=\"799974f\" data-element_type=\"widget\" data-widget_type=\"text-editor.default\">\n\t\t\t\t\t\t\t\t\t<p>contactroskaprinsessa@gmail.com<\/p>\t\t\t\t\t\t\t\t<\/div>\n\t\t\t\t<\/div>\n\t\t\t\t\t<\/div>\n\t\t\t\t<\/div>\n\t\t<div class=\"elementor-element elementor-element-3935af2 e-flex e-con-boxed e-con e-parent\" data-id=\"3935af2\" data-element_type=\"container\">\n\t\t\t\t\t<div class=\"e-con-inner\">\n\t\t\t\t<div class=\"elementor-element elementor-element-cac6eb2 elementor-widget elementor-widget-text-editor\" data-id=\"cac6eb2\" data-element_type=\"widget\" data-widget_type=\"text-editor.default\">\n\t\t\t\t\t\t\t\t\t<p>Etsitk\u00f6 tietoa, jota et t\u00e4lt\u00e4 sivulta l\u00f6yt\u00e4nyt? Voit l\u00e4hett\u00e4\u00e4 minulle s\u00e4hk\u00f6postia tai liitty\u00e4 esim. Facebookissa toimiviin paikallisiin roskienkeruuryhmiin.<\/p>\t\t\t\t\t\t\t\t<\/div>\n\t\t\t\t<div class=\"elementor-element elementor-element-2004a48 elementor-widget elementor-widget-text-editor\" data-id=\"2004a48\" data-element_type=\"widget\" data-widget_type=\"text-editor.default\">\n\t\t\t\t\t\t\t\t\t<p><b>Tietoa j\u00e4tteiden lajittelusta:<\/b><\/p>\t\t\t\t\t\t\t\t<\/div>\n\t\t\t\t<div class=\"elementor-element elementor-element-596107a elementor-widget elementor-widget-button\" data-id=\"596107a\" data-element_type=\"widget\" data-widget_type=\"button.default\">\n\t\t\t\t\t\t\t\t\t\t<a class=\"elementor-button elementor-button-link elementor-size-sm elementor-animation-grow\" href=\"https:\/\/www.hsy.fi\/jatteet-ja-kierratys\/jateopas-ja-lajitteluohjeet\/\" target=\"_blank\">\n\t\t\t\t\t\t<span class=\"elementor-button-content-wrapper\">\n\t\t\t\t\t\t\t\t\t<span class=\"elementor-button-text\">www.hsy.fi<\/span>\n\t\t\t\t\t<\/span>\n\t\t\t\t\t<\/a>\n\t\t\t\t\t\t\t\t<\/div>\n\t\t\t\t<div class=\"elementor-element elementor-element-63cfc4a elementor-widget elementor-widget-text-editor\" data-id=\"63cfc4a\" data-element_type=\"widget\" data-widget_type=\"text-editor.default\">\n\t\t\t\t\t\t\t\t\t<p><b>Ilmoita esim. laittomista kaatopaikoista, roskistarpeista ym. Helsingin kaupungin kaupunkiymp\u00e4rist\u00f6n palautelomakkeella:<\/b><\/p>\t\t\t\t\t\t\t\t<\/div>\n\t\t\t\t<div class=\"elementor-element elementor-element-ceeeee8 elementor-widget elementor-widget-button\" data-id=\"ceeeee8\" data-element_type=\"widget\" data-widget_type=\"button.default\">\n\t\t\t\t\t\t\t\t\t\t<a class=\"elementor-button elementor-button-link elementor-size-sm elementor-animation-grow\" href=\"https:\/\/palautteet.hel.fi\/\" target=\"_blank\">\n\t\t\t\t\t\t<span class=\"elementor-button-content-wrapper\">\n\t\t\t\t\t\t\t\t\t<span class=\"elementor-button-text\">palautteet.hel.fi<\/span>\n\t\t\t\t\t<\/span>\n\t\t\t\t\t<\/a>\n\t\t\t\t\t\t\t\t<\/div>\n\t\t\t\t\t<\/div>\n\t\t\t\t<\/div>\n\t\t<div class=\"elementor-element elementor-element-d9da4b1 e-flex e-con-boxed e-con e-parent\" data-id=\"d9da4b1\" data-element_type=\"container\">\n\t\t\t\t\t<div class=\"e-con-inner\">\n\t\t\t\t<div class=\"elementor-element elementor-element-b7af283 elementor-widget elementor-widget-image\" data-id=\"b7af283\" data-element_type=\"widget\" data-widget_type=\"image.default\">\n\t\t\t\t\t\t\t\t\t\t\t\t\t\t\t<img decoding=\"async\" width=\"800\" height=\"711\" src=\"https:\/\/roskaprinsessa.fi\/wp-content\/uploads\/2025\/11\/logo2-1-1024x910.png\" class=\"attachment-large size-large wp-image-37\" alt=\"\" srcset=\"https:\/\/roskaprinsessa.fi\/wp-content\/uploads\/2025\/11\/logo2-1-1024x910.png 1024w, https:\/\/roskaprinsessa.fi\/wp-content\/uploads\/2025\/11\/logo2-1-300x267.png 300w, https:\/\/roskaprinsessa.fi\/wp-content\/uploads\/2025\/11\/logo2-1-768x683.png 768w, https:\/\/roskaprinsessa.fi\/wp-content\/uploads\/2025\/11\/logo2-1-1536x1365.png 1536w, https:\/\/roskaprinsessa.fi\/wp-content\/uploads\/2025\/11\/logo2-1-2048x1820.png 2048w\" sizes=\"(max-width: 800px) 100vw, 800px\" \/>\t\t\t\t\t\t\t\t\t\t\t\t\t\t\t<\/div>\n\t\t\t\t<div class=\"elementor-element elementor-element-781e382 elementor-widget elementor-widget-heading\" data-id=\"781e382\" data-element_type=\"widget\" data-widget_type=\"heading.default\">\n\t\t\t\t\t<h2 class=\"elementor-heading-title elementor-size-default\">\u00a9 2025 Roskaprinsessa. Kaikki oikeudet pid\u00e4tet\u00e4\u00e4n.<\/h2>\t\t\t\t<\/div>\n\t\t\t\t\t<\/div>\n\t\t\t\t<\/div>\n\t\t<div class=\"elementor-element elementor-element-39c8f12 e-con-full e-flex e-con e-parent\" data-id=\"39c8f12\" data-element_type=\"container\">\n\t\t<div class=\"elementor-element elementor-element-37daeb6 e-con-full e-flex e-con e-child\" data-id=\"37daeb6\" data-element_type=\"container\" data-settings=\"{&quot;background_background&quot;:&quot;classic&quot;}\">\n\t\t\t\t<\/div>\n\t\t\t\t<\/div>\n\t\t<div class=\"elementor-element elementor-element-0de43d3 e-con-full e-flex e-con e-parent\" data-id=\"0de43d3\" data-element_type=\"container\" data-settings=\"{&quot;background_background&quot;:&quot;classic&quot;}\">\n\t\t\t\t<div class=\"elementor-element elementor-element-e6632ca elementor-widget elementor-widget-text-editor\" data-id=\"e6632ca\" data-element_type=\"widget\" data-widget_type=\"text-editor.default\">\n\t\t\t\t\t\t\t\t\t<p>Website design:<strong><a href=\"https:\/\/www.idakarikoski.fi\/\"> idakarikoski.fi<\/a><\/strong><\/p>\t\t\t\t\t\t\t\t<\/div>\n\t\t\t\t<\/div>\n\t\t\t\t<\/div>\n\t\t","protected":false},"excerpt":{"rendered":"<p>Olet tullut oikeaan paikkaan! Olen Roskaprinsessa. Luonnonyst\u00e4v\u00e4, roskatalkooj\u00e4rjest\u00e4j\u00e4 ja vieraslajiaktiivi. Julkaisen kanavillani sis\u00e4lt\u00f6\u00e4 roskatalkoista, vieraslajitalkoista ja retkilt\u00e4. Ihanaa ja kamalaa, mutta aina autenttista ja rehellist\u00e4 sis\u00e4lt\u00f6\u00e4 \u2013 todellisuutta ei kaunistella. On aina yll\u00e4tys, mit\u00e4 talkoot ja retket tuovat tullessaan, joten varaudu kaikkeen. Maastossa voi tulla vastaan mit\u00e4 vain. Ota Roskaprinsessan kanavat seurantaan ja tule mukaani [&hellip;]<\/p>\n","protected":false},"author":1,"featured_media":0,"parent":0,"menu_order":0,"comment_status":"closed","ping_status":"closed","template":"elementor_header_footer","meta":{"footnotes":""},"class_list":["post-24","page","type-page","status-publish","hentry"],"_links":{"self":[{"href":"https:\/\/roskaprinsessa.fi\/index.php?rest_route=\/wp\/v2\/pages\/24","targetHints":{"allow":["GET"]}}],"collection":[{"href":"https:\/\/roskaprinsessa.fi\/index.php?rest_route=\/wp\/v2\/pages"}],"about":[{"href":"https:\/\/roskaprinsessa.fi\/index.php?rest_route=\/wp\/v2\/types\/page"}],"author":[{"embeddable":true,"href":"https:\/\/roskaprinsessa.fi\/index.php?rest_route=\/wp\/v2\/users\/1"}],"replies":[{"embeddable":true,"href":"https:\/\/roskaprinsessa.fi\/index.php?rest_route=%2Fwp%2Fv2%2Fcomments&post=24"}],"version-history":[{"count":328,"href":"https:\/\/roskaprinsessa.fi\/index.php?rest_route=\/wp\/v2\/pages\/24\/revisions"}],"predecessor-version":[{"id":371,"href":"https:\/\/roskaprinsessa.fi\/index.php?rest_route=\/wp\/v2\/pages\/24\/revisions\/371"}],"wp:attachment":[{"href":"https:\/\/roskaprinsessa.fi\/index.php?rest_route=%2Fwp%2Fv2%2Fmedia&parent=24"}],"curies":[{"name":"wp","href":"https:\/\/api.w.org\/{rel}","templated":true}]}}